{"id":377,"date":"2024-11-22T14:39:31","date_gmt":"2024-11-22T13:39:31","guid":{"rendered":"https:\/\/mondaypenny.be\/product\/release-party-lundi-penny-standup\/"},"modified":"2025-02-01T09:45:12","modified_gmt":"2025-02-01T08:45:12","slug":"reveal-party-monday-penny-standup","status":"publish","type":"product","link":"https:\/\/mondaypenny.be\/fr\/product\/reveal-party-monday-penny-standup\/","title":{"rendered":"Reveal Party Monday Penny + StandUp"},"content":{"rendered":"\t\t<div data-elementor-type=\"product-post\" data-elementor-id=\"377\" class=\"elementor elementor-377\" data-elementor-post-type=\"product\">\n\t\t\t\t<div class=\"elementor-element elementor-element-39ad2415 e-flex e-con-boxed e-con e-parent\" data-id=\"39ad2415\" data-element_type=\"container\">\n\t\t\t\t\t<div class=\"e-con-inner\">\n\t\t\t\t<div class=\"elementor-element elementor-element-ad15935 elementor-widget elementor-widget-text-editor\" data-id=\"ad15935\" data-element_type=\"widget\" data-widget_type=\"text-editor.default\">\n\t\t\t\t<div class=\"elementor-widget-container\">\n\t\t\t\t\t\t\t\t\t<p class=\"p1\">Notez dans vos agendas le 1er f\u00e9vrier 2025 : La salle Agora de Kraainem s&rsquo;animera au son de nos nouvelles chansons. Cinq chapitres d&rsquo;une vie, et une seule nuit pour les vivre en direct. Pr\u00e9parez-vous \u00e0 un voyage musical aussi profond qu&rsquo;\u00e9lectrisant, o\u00f9 chaque note raconte une histoire.<\/p>\n<p class=\"p1\">Mais ce n&rsquo;est pas tout ! La soir\u00e9e d\u00e9bute avec des humoristes belges qui pr\u00e9sentent leurs meilleurs rires sur sc\u00e8ne. Ensuite, Monday Penny prend le relais avec un concert m\u00ealant nostalgie, \u00e9nergie brute et m\u00e9lodies inoubliables. Tout cela, avec un bar bien approvisionn\u00e9 pour \u00e9tancher votre soif de moments m\u00e9morables.<\/p>\n\t\t\t\t\t\t\t\t<\/div>\n\t\t\t\t<\/div>\n\t\t\t\t\t<\/div>\n\t\t\t\t<\/div>\n\t\t<div class=\"elementor-element elementor-element-2246ae7 e-flex e-con-boxed e-con e-parent\" data-id=\"2246ae7\" data-element_type=\"container\">\n\t\t\t\t\t<div class=\"e-con-inner\">\n\t\t\t\t<div class=\"elementor-element elementor-element-e706d9f elementor-icon-list--layout-traditional elementor-list-item-link-full_width elementor-widget elementor-widget-icon-list\" data-id=\"e706d9f\" data-element_type=\"widget\" data-widget_type=\"icon-list.default\">\n\t\t\t\t<div class=\"elementor-widget-container\">\n\t\t\t\t\t\t\t<ul class=\"elementor-icon-list-items\">\n\t\t\t\t\t\t\t<li class=\"elementor-icon-list-item\">\n\t\t\t\t\t\t\t\t\t\t\t<span class=\"elementor-icon-list-icon\">\n\t\t\t\t\t\t\t<i aria-hidden=\"true\" class=\"fas fa-chevron-circle-right\"><\/i>\t\t\t\t\t\t<\/span>\n\t\t\t\t\t\t\t\t\t\t<span class=\"elementor-icon-list-text\">Ouverture des Portes :&nbsp;<b>19h00<\/b><\/span>\n\t\t\t\t\t\t\t\t\t<\/li>\n\t\t\t\t\t\t\t\t<li class=\"elementor-icon-list-item\">\n\t\t\t\t\t\t\t\t\t\t\t<span class=\"elementor-icon-list-icon\">\n\t\t\t\t\t\t\t<i aria-hidden=\"true\" class=\"fas fa-chevron-circle-right\"><\/i>\t\t\t\t\t\t<\/span>\n\t\t\t\t\t\t\t\t\t\t<span class=\"elementor-icon-list-text\">Acte de soutien 1 :&nbsp;<b>20h00 : Richard Hammer<\/b><\/span>\n\t\t\t\t\t\t\t\t\t<\/li>\n\t\t\t\t\t\t\t\t<li class=\"elementor-icon-list-item\">\n\t\t\t\t\t\t\t\t\t\t\t<span class=\"elementor-icon-list-icon\">\n\t\t\t\t\t\t\t<i aria-hidden=\"true\" class=\"fas fa-chevron-circle-right\"><\/i>\t\t\t\t\t\t<\/span>\n\t\t\t\t\t\t\t\t\t\t<span class=\"elementor-icon-list-text\">Support Act 2 :&nbsp;<b>20h30 : Kaoutar Berne <\/b> <\/span>\n\t\t\t\t\t\t\t\t\t<\/li>\n\t\t\t\t\t\t\t\t<li class=\"elementor-icon-list-item\">\n\t\t\t\t\t\t\t\t\t\t\t<span class=\"elementor-icon-list-icon\">\n\t\t\t\t\t\t\t<i aria-hidden=\"true\" class=\"fas fa-chevron-circle-right\"><\/i>\t\t\t\t\t\t<\/span>\n\t\t\t\t\t\t\t\t\t\t<span class=\"elementor-icon-list-text\">Monday Penny:&nbsp;<b>21h00<\/b><\/span>\n\t\t\t\t\t\t\t\t\t<\/li>\n\t\t\t\t\t\t\t\t<li class=\"elementor-icon-list-item\">\n\t\t\t\t\t\t\t\t\t\t\t<span class=\"elementor-icon-list-icon\">\n\t\t\t\t\t\t\t<i aria-hidden=\"true\" class=\"fas fa-chevron-circle-right\"><\/i>\t\t\t\t\t\t<\/span>\n\t\t\t\t\t\t\t\t\t\t<span class=\"elementor-icon-list-text\">DJ set by Pat from Brussels:&nbsp;<b>22h30<\/b><\/span>\n\t\t\t\t\t\t\t\t\t<\/li>\n\t\t\t\t\t\t<\/ul>\n\t\t\t\t\t\t<\/div>\n\t\t\t\t<\/div>\n\t\t\t\t\t<\/div>\n\t\t\t\t<\/div>\n\t\t\t\t<\/div>\n\t\t","protected":false},"excerpt":{"rendered":"<p class=\"p1\">Rejoignez-nous le 1\u1d49\u02b3 f\u00e9vrier 2025 \u00e0 l&rsquo;Agora Hall de Kraainem pour la pr\u00e9sentation de la sortie de 5 single \u00ab\u00a0Slice of Life\u00a0\u00bb de Monday Penny. Un humour ac\u00e9r\u00e9, une musique vibrante et un bar pour couronner le tout &#8211; pr\u00e9parez-vous \u00e0 une soir\u00e9e o\u00f9 chaque instant compte. R\u00e9servez vos billets d\u00e8s maintenant !<\/p>\n<p>&nbsp;<\/p>\n","protected":false},"featured_media":358,"template":"","meta":[],"product_brand":[],"product_cat":[30],"product_tag":[],"class_list":{"0":"post-377","1":"product","2":"type-product","3":"status-publish","4":"has-post-thumbnail","6":"product_cat-non-classifiee","8":"first","9":"outofstock","10":"virtual","11":"purchasable","12":"product-type-simple"},"_links":{"self":[{"href":"https:\/\/mondaypenny.be\/fr\/wp-json\/wp\/v2\/product\/377","targetHints":{"allow":["GET"]}}],"collection":[{"href":"https:\/\/mondaypenny.be\/fr\/wp-json\/wp\/v2\/product"}],"about":[{"href":"https:\/\/mondaypenny.be\/fr\/wp-json\/wp\/v2\/types\/product"}],"version-history":[{"count":10,"href":"https:\/\/mondaypenny.be\/fr\/wp-json\/wp\/v2\/product\/377\/revisions"}],"predecessor-version":[{"id":567,"href":"https:\/\/mondaypenny.be\/fr\/wp-json\/wp\/v2\/product\/377\/revisions\/567"}],"wp:featuredmedia":[{"embeddable":true,"href":"https:\/\/mondaypenny.be\/fr\/wp-json\/wp\/v2\/media\/358"}],"wp:attachment":[{"href":"https:\/\/mondaypenny.be\/fr\/wp-json\/wp\/v2\/media?parent=377"}],"wp:term":[{"taxonomy":"product_brand","embeddable":true,"href":"https:\/\/mondaypenny.be\/fr\/wp-json\/wp\/v2\/product_brand?post=377"},{"taxonomy":"product_cat","embeddable":true,"href":"https:\/\/mondaypenny.be\/fr\/wp-json\/wp\/v2\/product_cat?post=377"},{"taxonomy":"product_tag","embeddable":true,"href":"https:\/\/mondaypenny.be\/fr\/wp-json\/wp\/v2\/product_tag?post=377"}],"curies":[{"name":"wp","href":"https:\/\/api.w.org\/{rel}","templated":true}]}}